{"id":1656,"date":"2023-08-14T22:11:31","date_gmt":"2023-08-14T19:11:31","guid":{"rendered":"https:\/\/makarabungalow.com\/?page_id=1656"},"modified":"2023-08-20T22:04:56","modified_gmt":"2023-08-20T19:04:56","slug":"iletisim","status":"publish","type":"page","link":"https:\/\/makarabungalow.com\/EN\/iletisim\/","title":{"rendered":"Contact Us"},"content":{"rendered":"\t\t<div data-elementor-type=\"wp-page\" data-elementor-id=\"1656\" class=\"elementor elementor-1656\">\n\t\t\t\t\t\t<div class=\"elementor-inner\">\n\t\t\t\t<div class=\"elementor-section-wrap\">\n\t\t\t\t\t\t\t\t\t<section class=\"elementor-section elementor-top-section elementor-element elementor-element-2d5fcd6 elementor-section-boxed elementor-section-height-default elementor-section-height-default shape-bg-top-no\" data-id=\"2d5fcd6\" data-element_type=\"section\" data-settings=\"{&quot;background_background&quot;:&quot;slideshow&quot;,&quot;background_slideshow_gallery&quot;:[{&quot;id&quot;:1807,&quot;url&quot;:&quot;https:\\\/\\\/makarabungalow.com\\\/wp-content\\\/uploads\\\/2023\\\/08\\\/iletisim_1.jpg&quot;},{&quot;id&quot;:1808,&quot;url&quot;:&quot;https:\\\/\\\/makarabungalow.com\\\/wp-content\\\/uploads\\\/2023\\\/08\\\/iletisim_2.jpg&quot;}],&quot;background_slideshow_ken_burns&quot;:&quot;yes&quot;,&quot;background_slideshow_loop&quot;:&quot;yes&quot;,&quot;background_slideshow_slide_duration&quot;:5000,&quot;background_slideshow_slide_transition&quot;:&quot;fade&quot;,&quot;background_slideshow_transition_duration&quot;:500,&quot;background_slideshow_ken_burns_zoom_direction&quot;:&quot;in&quot;}\">\n\t\t\t\t\t\t<div class=\"elementor-container elementor-column-gap-default\">\n\t\t\t\t\t\t\t<div class=\"elementor-row\">\n\t\t\t\t\t<div class=\"elementor-column elementor-col-100 elementor-top-column elementor-element elementor-element-4485958\" data-id=\"4485958\" data-element_type=\"column\">\n\t\t\t<div class=\"elementor-column-wrap elementor-element-populated\">\n\t\t\t\t\t\t\t<div class=\"elementor-widget-wrap\">\n\t\t\t\t\t\t<div class=\"elementor-element elementor-element-aa65278 elementor-widget elementor-widget-gva-heading-block\" data-id=\"aa65278\" data-element_type=\"widget\" data-widget_type=\"gva-heading-block.default\">\n\t\t\t\t<div class=\"elementor-widget-container\">\n\t\t\t<div class=\"gva-element-gva-heading-block gva-element\">   <div class=\"align-left style-1 widget gsc-heading box-align-left auto-responsive\">\n      <div class=\"content-inner\">\n         \n                  \n           \n         \n                  \n         \n      <\/div>\n   <\/div>\n<\/div>\t\t<\/div>\n\t\t\t\t<\/div>\n\t\t\t\t\t\t<\/div>\n\t\t\t\t\t<\/div>\n\t\t<\/div>\n\t\t\t\t\t\t\t\t<\/div>\n\t\t\t\t\t<\/div>\n\t\t<\/section>\n\t\t\t\t<section class=\"elementor-section elementor-top-section elementor-element elementor-element-8cd0ff0 shape-bg-top-yes elementor-section-boxed elementor-section-height-default elementor-section-height-default shape-bg-bottom-no\" data-id=\"8cd0ff0\" data-element_type=\"section\">\n\t\t\t\t\t\t<div class=\"elementor-container elementor-column-gap-default\">\n\t\t\t\t\t\t\t<div class=\"elementor-row\">\n\t\t\t\t\t<div class=\"elementor-column elementor-col-100 elementor-top-column elementor-element elementor-element-31776f8\" data-id=\"31776f8\" data-element_type=\"column\">\n\t\t\t<div class=\"elementor-column-wrap elementor-element-populated\">\n\t\t\t\t\t\t\t<div class=\"elementor-widget-wrap\">\n\t\t\t\t\t\t<section class=\"elementor-section elementor-inner-section elementor-element elementor-element-8e5c3a6 elementor-section-boxed elementor-section-height-default elementor-section-height-default shape-bg-top-no shape-bg-bottom-no\" data-id=\"8e5c3a6\" data-element_type=\"section\">\n\t\t\t\t\t\t<div class=\"elementor-container elementor-column-gap-default\">\n\t\t\t\t\t\t\t<div class=\"elementor-row\">\n\t\t\t\t\t<div class=\"elementor-column elementor-col-100 elementor-inner-column elementor-element elementor-element-1f1fc14\" data-id=\"1f1fc14\" data-element_type=\"column\">\n\t\t\t<div class=\"elementor-column-wrap elementor-element-populated\">\n\t\t\t\t\t\t\t<div class=\"elementor-widget-wrap\">\n\t\t\t\t\t\t<div class=\"elementor-element elementor-element-e27814e elementor-widget__width-auto elementor-widget elementor-widget-gva-heading-block\" data-id=\"e27814e\" data-element_type=\"widget\" data-widget_type=\"gva-heading-block.default\">\n\t\t\t\t<div class=\"elementor-widget-container\">\n\t\t\t<div class=\"gva-element-gva-heading-block gva-element\">   <div class=\"align-left style-1 widget gsc-heading box-align-left auto-responsive\">\n      <div class=\"content-inner\">\n         \n                  \n         <div class=\"sub-title\"><span class=\"heading-icon\"><img decoding=\"async\" src=\"https:\/\/makarabungalow.com\/wp-content\/uploads\/2023\/08\/iletisim_ikon.png\" alt=\"\" \/><\/span><span class=\"tagline\"> <\/span><\/div>  \n         \n                     <h2 class=\"title\">\n               <span>Contact Us<\/span>\n            <\/h2>\n                  \n         \n      <\/div>\n   <\/div>\n<\/div>\t\t<\/div>\n\t\t\t\t<\/div>\n\t\t\t\t<div class=\"elementor-element elementor-element-b5ef4e9 elementor-hidden-tablet elementor-hidden-mobile elementor-widget elementor-widget-gva_icon_box_group\" data-id=\"b5ef4e9\" data-element_type=\"widget\" data-widget_type=\"gva_icon_box_group.default\">\n\t\t\t\t<div class=\"elementor-widget-container\">\n\t\t\t<div class=\"gva-element-gva_icon_box_group gva-element\">\n<div class=\"gsc-icon-box-group layout-carousel swiper-slider-wrapper style-6 \">\n   <div class=\"swiper-content-inner\">\n      <div class=\"init-carousel-swiper swiper\" data-carousel=\"{&quot;items&quot;:3,&quot;items_lg&quot;:3,&quot;items_md&quot;:3,&quot;items_sm&quot;:2,&quot;items_xs&quot;:2,&quot;items_xx&quot;:2,&quot;effect&quot;:&quot;slide&quot;,&quot;space_between&quot;:30,&quot;loop&quot;:0,&quot;speed&quot;:600,&quot;autoplay&quot;:0,&quot;autoplay_delay&quot;:4500,&quot;autoplay_hover&quot;:0,&quot;navigation&quot;:0,&quot;pagination&quot;:0,&quot;dynamic_bullets&quot;:0,&quot;pagination_type&quot;:&quot;bullets&quot;}\">\n         <div class=\"swiper-wrapper\">\n            <div class=\"swiper-slide\">\n<div class=\"icon-box-item elementor-repeater-item-dec0088\">\n\t<div class=\"icon-box-content\">\n\n\t\t\t\t\t\n\t\t\t<div class=\"box-icon\"><i aria-hidden=\"true\" class=\" flaticon-location\"><\/i><\/div>\n\t\t\t<div class=\"content-inner\">\n\t\t\t\t<h3 class=\"title\">Address<\/h3><div class=\"desc\"><small>Yal\u0131 Mah. Yal\u0131 K\u00fcme Evleri No:22\/1 Bodrum Mu\u011fla \/ TR<\/small><\/div>\t\t\t<\/div>\n\t\t\t\n\t\t\t<span class=\"icon-overlay\"><i aria-hidden=\"true\" class=\" flaticon-location\"><\/i><\/span>\n\t\t\n\t<\/div>  \t\n\t<\/div><\/div><div class=\"swiper-slide\">\n<div class=\"icon-box-item elementor-repeater-item-18bb594 active\">\n\t<div class=\"icon-box-content\">\n\n\t\t\t\t\t\n\t\t\t<div class=\"box-icon\"><i aria-hidden=\"true\" class=\" flaticon-email-2\"><\/i><\/div>\n\t\t\t<div class=\"content-inner\">\n\t\t\t\t<h3 class=\"title\">E-Mail<\/h3><div class=\"desc\"><small>info@makarabungalow.com<\/small>\n<br>\n<br><\/div>\t\t\t<\/div>\n\t\t\t\n\t\t\t<span class=\"icon-overlay\"><i aria-hidden=\"true\" class=\" flaticon-email-2\"><\/i><\/span>\n\t\t\n\t<\/div>  \t\n\t\t\t  <a href=\"mailto:info@makarabungalow.com\" class=\"link-overlay\">\n\t\t\t \t\t  <\/a>\n\t\t  <\/div><\/div><div class=\"swiper-slide\">\n<div class=\"icon-box-item elementor-repeater-item-b88b08f active\">\n\t<div class=\"icon-box-content\">\n\n\t\t\t\t\t\n\t\t\t<div class=\"box-icon\"><i aria-hidden=\"true\" class=\" flaticon2-phone-call\"><\/i><\/div>\n\t\t\t<div class=\"content-inner\">\n\t\t\t\t<h3 class=\"title\">Telephone<\/h3><div class=\"desc\"><small>+90 532 696 80 48<\/small>\n<br>\n<br><\/div>\t\t\t<\/div>\n\t\t\t\n\t\t\t<span class=\"icon-overlay\"><i aria-hidden=\"true\" class=\" flaticon2-phone-call\"><\/i><\/span>\n\t\t\n\t<\/div>  \t\n\t\t\t  <a href=\"tel:+905326968048\" class=\"link-overlay\">\n\t\t\t \t\t  <\/a>\n\t\t  <\/div><\/div>         <\/div>\n      <\/div>\n   <\/div>   \n   <div class=\"swiper-pagination\"><\/div>   <\/div>\n<\/div>\t\t<\/div>\n\t\t\t\t<\/div>\n\t\t\t\t<div class=\"elementor-element elementor-element-e81cc57 elementor-hidden-desktop elementor-widget elementor-widget-gva_icon_box_group\" data-id=\"e81cc57\" data-element_type=\"widget\" data-widget_type=\"gva_icon_box_group.default\">\n\t\t\t\t<div class=\"elementor-widget-container\">\n\t\t\t<div class=\"gva-element-gva_icon_box_group gva-element\">\n<div class=\"gsc-icon-box-group layout-carousel swiper-slider-wrapper style-6 \">\n   <div class=\"swiper-content-inner\">\n      <div class=\"init-carousel-swiper swiper\" data-carousel=\"{&quot;items&quot;:3,&quot;items_lg&quot;:3,&quot;items_md&quot;:3,&quot;items_sm&quot;:2,&quot;items_xs&quot;:2,&quot;items_xx&quot;:2,&quot;effect&quot;:&quot;slide&quot;,&quot;space_between&quot;:30,&quot;loop&quot;:0,&quot;speed&quot;:600,&quot;autoplay&quot;:0,&quot;autoplay_delay&quot;:4500,&quot;autoplay_hover&quot;:0,&quot;navigation&quot;:0,&quot;pagination&quot;:0,&quot;dynamic_bullets&quot;:0,&quot;pagination_type&quot;:&quot;bullets&quot;}\">\n         <div class=\"swiper-wrapper\">\n            <div class=\"swiper-slide\">\n<div class=\"icon-box-item elementor-repeater-item-dec0088\">\n\t<div class=\"icon-box-content\">\n\n\t\t\t\t\t\n\t\t\t<div class=\"box-icon\"><i aria-hidden=\"true\" class=\" flaticon-location\"><\/i><\/div>\n\t\t\t<div class=\"content-inner\">\n\t\t\t\t<h3 class=\"title\">Adres<\/h3><div class=\"desc\"><small>Yal\u0131 Mah. Yal\u0131 K\u00fcme Evleri No:22\/1 Bodrum Mu\u011fla \/ TR<\/small><\/div>\t\t\t<\/div>\n\t\t\t\n\t\t\t<span class=\"icon-overlay\"><i aria-hidden=\"true\" class=\" flaticon-location\"><\/i><\/span>\n\t\t\n\t<\/div>  \t\n\t<\/div><\/div>         <\/div>\n      <\/div>\n   <\/div>   \n   <div class=\"swiper-pagination\"><\/div>   <\/div>\n<\/div>\t\t<\/div>\n\t\t\t\t<\/div>\n\t\t\t\t<div class=\"elementor-element elementor-element-9f7a5b1 elementor-hidden-desktop elementor-widget elementor-widget-gva_icon_box_group\" data-id=\"9f7a5b1\" data-element_type=\"widget\" data-widget_type=\"gva_icon_box_group.default\">\n\t\t\t\t<div class=\"elementor-widget-container\">\n\t\t\t<div class=\"gva-element-gva_icon_box_group gva-element\">\n<div class=\"gsc-icon-box-group layout-carousel swiper-slider-wrapper style-6 \">\n   <div class=\"swiper-content-inner\">\n      <div class=\"init-carousel-swiper swiper\" data-carousel=\"{&quot;items&quot;:3,&quot;items_lg&quot;:3,&quot;items_md&quot;:3,&quot;items_sm&quot;:2,&quot;items_xs&quot;:2,&quot;items_xx&quot;:2,&quot;effect&quot;:&quot;slide&quot;,&quot;space_between&quot;:30,&quot;loop&quot;:0,&quot;speed&quot;:600,&quot;autoplay&quot;:0,&quot;autoplay_delay&quot;:4500,&quot;autoplay_hover&quot;:0,&quot;navigation&quot;:0,&quot;pagination&quot;:0,&quot;dynamic_bullets&quot;:0,&quot;pagination_type&quot;:&quot;bullets&quot;}\">\n         <div class=\"swiper-wrapper\">\n            <div class=\"swiper-slide\">\n<div class=\"icon-box-item elementor-repeater-item-18bb594 active\">\n\t<div class=\"icon-box-content\">\n\n\t\t\t\t\t\n\t\t\t<div class=\"box-icon\"><i aria-hidden=\"true\" class=\" flaticon-email-2\"><\/i><\/div>\n\t\t\t<div class=\"content-inner\">\n\t\t\t\t<h3 class=\"title\">Eposta<\/h3><div class=\"desc\"><small>info@makarabungalow.com<\/small>\n<br>\n<br><\/div>\t\t\t<\/div>\n\t\t\t\n\t\t\t<span class=\"icon-overlay\"><i aria-hidden=\"true\" class=\" flaticon-email-2\"><\/i><\/span>\n\t\t\n\t<\/div>  \t\n\t\t\t  <a href=\"mailto:info@makarabungalow.com\" class=\"link-overlay\">\n\t\t\t \t\t  <\/a>\n\t\t  <\/div><\/div>         <\/div>\n      <\/div>\n   <\/div>   \n   <div class=\"swiper-pagination\"><\/div>   <\/div>\n<\/div>\t\t<\/div>\n\t\t\t\t<\/div>\n\t\t\t\t<div class=\"elementor-element elementor-element-8b33bb8 elementor-hidden-desktop elementor-widget elementor-widget-gva_icon_box_group\" data-id=\"8b33bb8\" data-element_type=\"widget\" data-widget_type=\"gva_icon_box_group.default\">\n\t\t\t\t<div class=\"elementor-widget-container\">\n\t\t\t<div class=\"gva-element-gva_icon_box_group gva-element\">\n<div class=\"gsc-icon-box-group layout-carousel swiper-slider-wrapper style-6 \">\n   <div class=\"swiper-content-inner\">\n      <div class=\"init-carousel-swiper swiper\" data-carousel=\"{&quot;items&quot;:3,&quot;items_lg&quot;:3,&quot;items_md&quot;:3,&quot;items_sm&quot;:2,&quot;items_xs&quot;:2,&quot;items_xx&quot;:2,&quot;effect&quot;:&quot;slide&quot;,&quot;space_between&quot;:30,&quot;loop&quot;:0,&quot;speed&quot;:600,&quot;autoplay&quot;:0,&quot;autoplay_delay&quot;:4500,&quot;autoplay_hover&quot;:0,&quot;navigation&quot;:0,&quot;pagination&quot;:0,&quot;dynamic_bullets&quot;:0,&quot;pagination_type&quot;:&quot;bullets&quot;}\">\n         <div class=\"swiper-wrapper\">\n            <div class=\"swiper-slide\">\n<div class=\"icon-box-item elementor-repeater-item-b88b08f active\">\n\t<div class=\"icon-box-content\">\n\n\t\t\t\t\t\n\t\t\t<div class=\"box-icon\"><i aria-hidden=\"true\" class=\" flaticon2-phone-call\"><\/i><\/div>\n\t\t\t<div class=\"content-inner\">\n\t\t\t\t<h3 class=\"title\">Telefon<\/h3><div class=\"desc\"><small>+90 532 696 80 48<\/small>\n<br>\n<br><\/div>\t\t\t<\/div>\n\t\t\t\n\t\t\t<span class=\"icon-overlay\"><i aria-hidden=\"true\" class=\" flaticon2-phone-call\"><\/i><\/span>\n\t\t\n\t<\/div>  \t\n\t\t\t  <a href=\"tel:+905326968048\" class=\"link-overlay\">\n\t\t\t \t\t  <\/a>\n\t\t  <\/div><\/div>         <\/div>\n      <\/div>\n   <\/div>   \n   <div class=\"swiper-pagination\"><\/div>   <\/div>\n<\/div>\t\t<\/div>\n\t\t\t\t<\/div>\n\t\t\t\t\t\t<\/div>\n\t\t\t\t\t<\/div>\n\t\t<\/div>\n\t\t\t\t\t\t\t\t<\/div>\n\t\t\t\t\t<\/div>\n\t\t<\/section>\n\t\t\t\t<div class=\"elementor-element elementor-element-2f3ebef elementor-widget__width-auto image-contact elementor-absolute elementor-hidden-mobile elementor-hidden-tablet elementor-widget elementor-widget-image\" data-id=\"2f3ebef\" data-element_type=\"widget\" data-settings=\"{&quot;_position&quot;:&quot;absolute&quot;}\" data-widget_type=\"image.default\">\n\t\t\t\t<div class=\"elementor-widget-container\">\n\t\t\t<style>\/*! elementor - v3.14.0 - 26-06-2023 *\/\n.elementor-widget-image{text-align:center}.elementor-widget-image a{display:inline-block}.elementor-widget-image a img[src$=\".svg\"]{width:48px}.elementor-widget-image img{vertical-align:middle;display:inline-block}<\/style>\t\t\t\t\t<div class=\"elementor-image\">\n\t\t\t\t\t\t\t\t\t\t\t\t<img decoding=\"async\" loading=\"lazy\" width=\"525\" height=\"665\" src=\"https:\/\/makarabungalow.com\/EN\/wp-content\/uploads\/2023\/08\/iletisim_bg.jpg\" class=\"attachment-full size-full wp-image-1803\" alt=\"\" \/>\t\t\t\t\t\t\t\t\t\t\t\t\t\t<\/div>\n\t\t\t\t\t\t<\/div>\n\t\t\t\t<\/div>\n\t\t\t\t\t\t<\/div>\n\t\t\t\t\t<\/div>\n\t\t<\/div>\n\t\t\t\t\t\t\t\t<\/div>\n\t\t\t\t\t<\/div>\n\t\t<\/section>\n\t\t\t\t<section class=\"elementor-section elementor-top-section elementor-element elementor-element-4bc31d3 elementor-section-full_width elementor-section-height-default elementor-section-height-default shape-bg-top-no shape-bg-bottom-no\" data-id=\"4bc31d3\" data-element_type=\"section\">\n\t\t\t\t\t\t<div class=\"elementor-container elementor-column-gap-default\">\n\t\t\t\t\t\t\t<div class=\"elementor-row\">\n\t\t\t\t\t<div class=\"elementor-column elementor-col-100 elementor-top-column elementor-element elementor-element-f693842\" data-id=\"f693842\" data-element_type=\"column\">\n\t\t\t<div class=\"elementor-column-wrap elementor-element-populated\">\n\t\t\t\t\t\t\t<div class=\"elementor-widget-wrap\">\n\t\t\t\t\t\t<div class=\"elementor-element elementor-element-5f47866 elementor-hidden-tablet elementor-hidden-mobile elementor-widget elementor-widget-text-editor\" data-id=\"5f47866\" data-element_type=\"widget\" data-widget_type=\"text-editor.default\">\n\t\t\t\t<div class=\"elementor-widget-container\">\n\t\t\t<style>\/*! elementor - v3.14.0 - 26-06-2023 *\/\n.elementor-widget-text-editor.elementor-drop-cap-view-stacked .elementor-drop-cap{background-color:#69727d;color:#fff}.elementor-widget-text-editor.elementor-drop-cap-view-framed .elementor-drop-cap{color:#69727d;border:3px solid;background-color:transparent}.elementor-widget-text-editor:not(.elementor-drop-cap-view-default) .elementor-drop-cap{margin-top:8px}.elementor-widget-text-editor:not(.elementor-drop-cap-view-default) .elementor-drop-cap-letter{width:1em;height:1em}.elementor-widget-text-editor .elementor-drop-cap{float:left;text-align:center;line-height:1;font-size:50px}.elementor-widget-text-editor .elementor-drop-cap-letter{display:inline-block}<\/style>\t\t\t\t\t<div class=\"elementor-text-editor elementor-clearfix\">\n\t\t\t\t<p><iframe loading=\"lazy\" style=\"border: 0;\" src=\"https:\/\/www.google.com\/maps\/embed?pb=!1m14!1m8!1m3!1d12747.117874765587!2d27.532773393411027!3d36.9911969087909!3m2!1i1024!2i768!4f13.1!3m3!1m2!1s0x14be6a89e1fbaa1d%3A0xcc2ee7678589c768!2sMa'Kara%20Bungalow%20Beach%20Restaurant!5e0!3m2!1str!2str!4v1692194981235!5m2!1str!2str\" width=\"1920\" height=\"500\" allowfullscreen=\"allowfullscreen\"><\/iframe><\/p>\t\t\t\t\t<\/div>\n\t\t\t\t\t\t<\/div>\n\t\t\t\t<\/div>\n\t\t\t\t<div class=\"elementor-element elementor-element-380e46f elementor-hidden-desktop elementor-widget elementor-widget-text-editor\" data-id=\"380e46f\" data-element_type=\"widget\" data-widget_type=\"text-editor.default\">\n\t\t\t\t<div class=\"elementor-widget-container\">\n\t\t\t\t\t\t\t\t<div class=\"elementor-text-editor elementor-clearfix\">\n\t\t\t\t<iframe loading=\"lazy\" style=\"border: 0;\" src=\"https:\/\/www.google.com\/maps\/embed?pb=!1m14!1m8!1m3!1d12747.117874765587!2d27.532773393411027!3d36.9911969087909!3m2!1i1024!2i768!4f13.1!3m3!1m2!1s0x14be6a89e1fbaa1d%3A0xcc2ee7678589c768!2sMa'Kara%20Bungalow%20Beach%20Restaurant!5e0!3m2!1str!2str!4v1692194981235!5m2!1str!2str\" width=\"500\" height=\"500\" allowfullscreen=\"allowfullscreen\"><\/iframe>\t\t\t\t\t<\/div>\n\t\t\t\t\t\t<\/div>\n\t\t\t\t<\/div>\n\t\t\t\t\t\t<\/div>\n\t\t\t\t\t<\/div>\n\t\t<\/div>\n\t\t\t\t\t\t\t\t<\/div>\n\t\t\t\t\t<\/div>\n\t\t<\/section>\n\t\t\t\t\t\t\t\t\t<\/div>\n\t\t\t<\/div>\n\t\t\t\t\t<\/div>\n\t\t","protected":false},"excerpt":{"rendered":"<p>Contact Us Address Yal\u0131 Mah. Yal\u0131 K\u00fcme Evleri No:22\/1 Bodrum Mu\u011fla \/ TR E-Mail info@makarabungalow.com Telephone +90 532 696 80 48 Adres Yal\u0131 Mah. Yal\u0131 K\u00fcme Evleri No:22\/1 Bodrum Mu\u011fla \/ TR Eposta info@makarabungalow.com Telefon +90 532 696 80 48<\/p>\n","protected":false},"author":1,"featured_media":0,"parent":0,"menu_order":0,"comment_status":"closed","ping_status":"closed","template":"","meta":{"footnotes":""},"_links":{"self":[{"href":"https:\/\/makarabungalow.com\/EN\/wp-json\/wp\/v2\/pages\/1656"}],"collection":[{"href":"https:\/\/makarabungalow.com\/EN\/wp-json\/wp\/v2\/pages"}],"about":[{"href":"https:\/\/makarabungalow.com\/EN\/wp-json\/wp\/v2\/types\/page"}],"author":[{"embeddable":true,"href":"https:\/\/makarabungalow.com\/EN\/wp-json\/wp\/v2\/users\/1"}],"replies":[{"embeddable":true,"href":"https:\/\/makarabungalow.com\/EN\/wp-json\/wp\/v2\/comments?post=1656"}],"version-history":[{"count":60,"href":"https:\/\/makarabungalow.com\/EN\/wp-json\/wp\/v2\/pages\/1656\/revisions"}],"predecessor-version":[{"id":1952,"href":"https:\/\/makarabungalow.com\/EN\/wp-json\/wp\/v2\/pages\/1656\/revisions\/1952"}],"wp:attachment":[{"href":"https:\/\/makarabungalow.com\/EN\/wp-json\/wp\/v2\/media?parent=1656"}],"curies":[{"name":"wp","href":"https:\/\/api.w.org\/{rel}","templated":true}]}}