{"id":21,"date":"2020-12-08T03:53:12","date_gmt":"2020-12-08T00:53:12","guid":{"rendered":"https:\/\/gaviaspreview.com\/wp\/orgarium\/?page_id=21"},"modified":"2023-08-20T22:05:32","modified_gmt":"2023-08-20T19:05:32","slug":"biz","status":"publish","type":"page","link":"https:\/\/makarabungalow.com\/EN\/biz\/","title":{"rendered":"About Us"},"content":{"rendered":"\t\t<div data-elementor-type=\"wp-page\" data-elementor-id=\"21\" class=\"elementor elementor-21\">\n\t\t\t\t\t\t<div class=\"elementor-inner\">\n\t\t\t\t<div class=\"elementor-section-wrap\">\n\t\t\t\t\t\t\t\t\t<section class=\"elementor-section elementor-top-section elementor-element elementor-element-6f12245 elementor-section-boxed elementor-section-height-default elementor-section-height-default shape-bg-top-no\" data-id=\"6f12245\" data-element_type=\"section\" data-settings=\"{&quot;background_background&quot;:&quot;slideshow&quot;,&quot;background_slideshow_gallery&quot;:[{&quot;id&quot;:1860,&quot;url&quot;:&quot;https:\\\/\\\/makarabungalow.com\\\/wp-content\\\/uploads\\\/2023\\\/08\\\/biz_2.jpg&quot;},{&quot;id&quot;:1859,&quot;url&quot;:&quot;https:\\\/\\\/makarabungalow.com\\\/wp-content\\\/uploads\\\/2023\\\/08\\\/biz_1.jpg&quot;}],&quot;background_slideshow_ken_burns&quot;:&quot;yes&quot;,&quot;background_slideshow_loop&quot;:&quot;yes&quot;,&quot;background_slideshow_slide_duration&quot;:5000,&quot;background_slideshow_slide_transition&quot;:&quot;fade&quot;,&quot;background_slideshow_transition_duration&quot;:500,&quot;background_slideshow_ken_burns_zoom_direction&quot;:&quot;in&quot;}\">\n\t\t\t\t\t\t<div class=\"elementor-container elementor-column-gap-default\">\n\t\t\t\t\t\t\t<div class=\"elementor-row\">\n\t\t\t\t\t<div class=\"elementor-column elementor-col-100 elementor-top-column elementor-element elementor-element-627b982\" data-id=\"627b982\" data-element_type=\"column\">\n\t\t\t<div class=\"elementor-column-wrap elementor-element-populated\">\n\t\t\t\t\t\t\t<div class=\"elementor-widget-wrap\">\n\t\t\t\t\t\t<div class=\"elementor-element elementor-element-257b8e5 elementor-widget elementor-widget-gva-heading-block\" data-id=\"257b8e5\" data-element_type=\"widget\" data-widget_type=\"gva-heading-block.default\">\n\t\t\t\t<div class=\"elementor-widget-container\">\n\t\t\t<div class=\"gva-element-gva-heading-block gva-element\">   <div class=\"align-left style-1 widget gsc-heading box-align-left auto-responsive\">\n      <div class=\"content-inner\">\n         \n                  \n           \n         \n                  \n         \n      <\/div>\n   <\/div>\n<\/div>\t\t<\/div>\n\t\t\t\t<\/div>\n\t\t\t\t\t\t<\/div>\n\t\t\t\t\t<\/div>\n\t\t<\/div>\n\t\t\t\t\t\t\t\t<\/div>\n\t\t\t\t\t<\/div>\n\t\t<\/section>\n\t\t\t\t<section class=\"elementor-section elementor-top-section elementor-element elementor-element-9c31aa3 shape-bg-top-yes elementor-section-boxed elementor-section-height-default elementor-section-height-default shape-bg-bottom-no\" data-id=\"9c31aa3\" data-element_type=\"section\">\n\t\t\t\t\t\t<div class=\"elementor-container elementor-column-gap-default\">\n\t\t\t\t\t\t\t<div class=\"elementor-row\">\n\t\t\t\t\t<div class=\"elementor-column elementor-col-50 elementor-top-column elementor-element elementor-element-9ae87a7\" data-id=\"9ae87a7\" data-element_type=\"column\">\n\t\t\t<div class=\"elementor-column-wrap elementor-element-populated\">\n\t\t\t\t\t\t\t<div class=\"elementor-widget-wrap\">\n\t\t\t\t\t\t<div class=\"elementor-element elementor-element-ce18199 elementor-widget elementor-widget-image\" data-id=\"ce18199\" data-element_type=\"widget\" data-widget_type=\"image.default\">\n\t\t\t\t<div class=\"elementor-widget-container\">\n\t\t\t<style>\/*! elementor - v3.14.0 - 26-06-2023 *\/\n.elementor-widget-image{text-align:center}.elementor-widget-image a{display:inline-block}.elementor-widget-image a img[src$=\".svg\"]{width:48px}.elementor-widget-image img{vertical-align:middle;display:inline-block}<\/style>\t\t\t\t\t<div class=\"elementor-image\">\n\t\t\t\t\t\t\t\t\t\t\t\t<img decoding=\"async\" loading=\"lazy\" width=\"860\" height=\"715\" src=\"https:\/\/makarabungalow.com\/EN\/wp-content\/uploads\/2023\/08\/makara_hakkimizda_1.jpg\" class=\"attachment-full size-full wp-image-1758\" alt=\"\" srcset=\"https:\/\/makarabungalow.com\/EN\/wp-content\/uploads\/2023\/08\/makara_hakkimizda_1.jpg 860w, https:\/\/makarabungalow.com\/EN\/wp-content\/uploads\/2023\/08\/makara_hakkimizda_1-768x639.jpg 768w\" sizes=\"(max-width: 860px) 100vw, 860px\" \/>\t\t\t\t\t\t\t\t\t\t\t\t\t\t<\/div>\n\t\t\t\t\t\t<\/div>\n\t\t\t\t<\/div>\n\t\t\t\t\t\t<\/div>\n\t\t\t\t\t<\/div>\n\t\t<\/div>\n\t\t\t\t<div class=\"elementor-column elementor-col-50 elementor-top-column elementor-element elementor-element-057d52a\" data-id=\"057d52a\" data-element_type=\"column\">\n\t\t\t<div class=\"elementor-column-wrap elementor-element-populated\">\n\t\t\t\t\t\t\t<div class=\"elementor-widget-wrap\">\n\t\t\t\t\t\t<div class=\"elementor-element elementor-element-6893c2a elementor-widget elementor-widget-gva-heading-block\" data-id=\"6893c2a\" data-element_type=\"widget\" data-settings=\"{&quot;_animation&quot;:&quot;none&quot;}\" data-widget_type=\"gva-heading-block.default\">\n\t\t\t\t<div class=\"elementor-widget-container\">\n\t\t\t<div class=\"gva-element-gva-heading-block gva-element\">   <div class=\"align-left style-1 widget gsc-heading box-align-left auto-responsive\">\n      <div class=\"content-inner\">\n         \n                  \n         <div class=\"sub-title\"><span class=\"heading-icon\"><img decoding=\"async\" src=\"https:\/\/makarabungalow.com\/wp-content\/uploads\/2023\/08\/Bungalov-1.png\" alt=\"\" \/><\/span><span class=\"tagline\"> <\/span><\/div>  \n         \n                     <h2 class=\"title\">\n               <span>About us<\/span>\n            <\/h2>\n                  \n         \n      <\/div>\n   <\/div>\n<\/div>\t\t<\/div>\n\t\t\t\t<\/div>\n\t\t\t\t<div class=\"elementor-element elementor-element-9fee86f elementor-widget elementor-widget-text-editor\" data-id=\"9fee86f\" data-element_type=\"widget\" data-widget_type=\"text-editor.default\">\n\t\t\t\t<div class=\"elementor-widget-container\">\n\t\t\t<style>\/*! elementor - v3.14.0 - 26-06-2023 *\/\n.elementor-widget-text-editor.elementor-drop-cap-view-stacked .elementor-drop-cap{background-color:#69727d;color:#fff}.elementor-widget-text-editor.elementor-drop-cap-view-framed .elementor-drop-cap{color:#69727d;border:3px solid;background-color:transparent}.elementor-widget-text-editor:not(.elementor-drop-cap-view-default) .elementor-drop-cap{margin-top:8px}.elementor-widget-text-editor:not(.elementor-drop-cap-view-default) .elementor-drop-cap-letter{width:1em;height:1em}.elementor-widget-text-editor .elementor-drop-cap{float:left;text-align:center;line-height:1;font-size:50px}.elementor-widget-text-editor .elementor-drop-cap-letter{display:inline-block}<\/style>\t\t\t\t\t<div class=\"elementor-text-editor elementor-clearfix\">\n\t\t\t\t<p>Our story begins where Yal\u0131\u00e7iftlik Bay ends. We open our doors towards the most beautiful sea of Bodrum.<br \/>Ma&#8217;Kara, where Bodrum opens to G\u00f6kova Bay, impresses with its wide beach and view. Since we first opened our doors in 2015, we have aimed to offer our guests all the intimacy of a family business and to provide a unique holiday experience.<\/p><p>Here you can find everything you expect from a venue. You can relax on our sun loungers under the trees on the beach and enjoy the sea and sun with our delicious cocktails all day long, and you can also enjoy our meals prepared with natural produce every day in our kitchen.<\/p><p>As you sit at your table next to the sea, with your fresh fish in front of you and your ice-cold glass in your hand, you will feel the pride of being in the right place.<\/p>\t\t\t\t\t<\/div>\n\t\t\t\t\t\t<\/div>\n\t\t\t\t<\/div>\n\t\t\t\t\t\t<\/div>\n\t\t\t\t\t<\/div>\n\t\t<\/div>\n\t\t\t\t\t\t\t\t<\/div>\n\t\t\t\t\t<\/div>\n\t\t<\/section>\n\t\t\t\t<section class=\"elementor-section elementor-top-section elementor-element elementor-element-021a6a3 elementor-section-boxed elementor-section-height-default elementor-section-height-default shape-bg-top-no shape-bg-bottom-no\" data-id=\"021a6a3\" data-element_type=\"section\">\n\t\t\t\t\t\t<div class=\"elementor-container elementor-column-gap-no\">\n\t\t\t\t\t\t\t<div class=\"elementor-row\">\n\t\t\t\t\t<div class=\"elementor-column elementor-col-50 elementor-top-column elementor-element elementor-element-d66ad38\" data-id=\"d66ad38\" data-element_type=\"column\">\n\t\t\t<div class=\"elementor-column-wrap elementor-element-populated\">\n\t\t\t\t\t\t\t<div class=\"elementor-widget-wrap\">\n\t\t\t\t\t\t<div class=\"elementor-element elementor-element-3660d8f elementor-widget elementor-widget-text-editor\" data-id=\"3660d8f\" data-element_type=\"widget\" data-widget_type=\"text-editor.default\">\n\t\t\t\t<div class=\"elementor-widget-container\">\n\t\t\t\t\t\t\t\t<div class=\"elementor-text-editor elementor-clearfix\">\n\t\t\t\t<p>And towards the evening, while the sunset mesmerizes you with its breathtaking view, you will not want to leave here, so you will be able to stay in our bungalows in our garden.<br \/>Ma&#8217;Kara, which is more beautiful at night than during the day, will prepare you for a brand-new day full of peace and energy.<\/p><p>Our wooden bungalows, among centuries-old olive trees, with windows overlooking the deep blue waters, where you will enjoy your coffee on the porch, have been designed with all your needs for your stay in mind.<\/p><p>Of course, starting the day with plenty of oxygen will whet your appetite, so we won&#8217;t let you go without tasting our restaurant&#8217;s carefully prepared breakfast and especially our homemade French fries, which are everyone&#8217;s favorite, because at Ma&#8217;Kara, the holiday is lived to the fullest.<\/p>\t\t\t\t\t<\/div>\n\t\t\t\t\t\t<\/div>\n\t\t\t\t<\/div>\n\t\t\t\t\t\t<\/div>\n\t\t\t\t\t<\/div>\n\t\t<\/div>\n\t\t\t\t<div class=\"elementor-column elementor-col-50 elementor-top-column elementor-element elementor-element-df2e63d\" data-id=\"df2e63d\" data-element_type=\"column\">\n\t\t\t<div class=\"elementor-column-wrap elementor-element-populated\">\n\t\t\t\t\t\t\t<div class=\"elementor-widget-wrap\">\n\t\t\t\t\t\t<div class=\"elementor-element elementor-element-1aa032b elementor-widget elementor-widget-image\" data-id=\"1aa032b\" data-element_type=\"widget\" data-widget_type=\"image.default\">\n\t\t\t\t<div class=\"elementor-widget-container\">\n\t\t\t\t\t\t\t\t<div class=\"elementor-image\">\n\t\t\t\t\t\t\t\t\t\t\t\t<img decoding=\"async\" loading=\"lazy\" width=\"1780\" height=\"792\" src=\"https:\/\/makarabungalow.com\/EN\/wp-content\/uploads\/2023\/08\/makara_hakkimizda_2.jpg\" class=\"attachment-full size-full wp-image-1756\" alt=\"\" srcset=\"https:\/\/makarabungalow.com\/EN\/wp-content\/uploads\/2023\/08\/makara_hakkimizda_2.jpg 1780w, https:\/\/makarabungalow.com\/EN\/wp-content\/uploads\/2023\/08\/makara_hakkimizda_2-1024x456.jpg 1024w, https:\/\/makarabungalow.com\/EN\/wp-content\/uploads\/2023\/08\/makara_hakkimizda_2-768x342.jpg 768w\" sizes=\"(max-width: 1780px) 100vw, 1780px\" \/>\t\t\t\t\t\t\t\t\t\t\t\t\t\t<\/div>\n\t\t\t\t\t\t<\/div>\n\t\t\t\t<\/div>\n\t\t\t\t\t\t<\/div>\n\t\t\t\t\t<\/div>\n\t\t<\/div>\n\t\t\t\t\t\t\t\t<\/div>\n\t\t\t\t\t<\/div>\n\t\t<\/section>\n\t\t\t\t\t\t\t\t\t<\/div>\n\t\t\t<\/div>\n\t\t\t\t\t<\/div>\n\t\t","protected":false},"excerpt":{"rendered":"<p>About us Our story begins where Yal\u0131\u00e7iftlik Bay ends. We open our doors towards the most beautiful sea of Bodrum.Ma&#8217;Kara, where Bodrum opens to G\u00f6kova Bay, impresses with its wide beach and view. Since we first opened our doors in 2015, we have aimed to offer our guests all the intimacy of a family business [&hellip;]<\/p>\n","protected":false},"author":1,"featured_media":0,"parent":0,"menu_order":0,"comment_status":"closed","ping_status":"closed","template":"","meta":{"footnotes":""},"_links":{"self":[{"href":"https:\/\/makarabungalow.com\/EN\/wp-json\/wp\/v2\/pages\/21"}],"collection":[{"href":"https:\/\/makarabungalow.com\/EN\/wp-json\/wp\/v2\/pages"}],"about":[{"href":"https:\/\/makarabungalow.com\/EN\/wp-json\/wp\/v2\/types\/page"}],"author":[{"embeddable":true,"href":"https:\/\/makarabungalow.com\/EN\/wp-json\/wp\/v2\/users\/1"}],"replies":[{"embeddable":true,"href":"https:\/\/makarabungalow.com\/EN\/wp-json\/wp\/v2\/comments?post=21"}],"version-history":[{"count":43,"href":"https:\/\/makarabungalow.com\/EN\/wp-json\/wp\/v2\/pages\/21\/revisions"}],"predecessor-version":[{"id":1955,"href":"https:\/\/makarabungalow.com\/EN\/wp-json\/wp\/v2\/pages\/21\/revisions\/1955"}],"wp:attachment":[{"href":"https:\/\/makarabungalow.com\/EN\/wp-json\/wp\/v2\/media?parent=21"}],"curies":[{"name":"wp","href":"https:\/\/api.w.org\/{rel}","templated":true}]}}